{"id":182,"date":"2025-12-07T13:38:21","date_gmt":"2025-12-07T19:38:21","guid":{"rendered":"https:\/\/viveza.mx\/inicio\/?page_id=182"},"modified":"2025-12-08T01:28:38","modified_gmt":"2025-12-08T07:28:38","slug":"servicios","status":"publish","type":"page","link":"https:\/\/viveza.mx\/inicio\/servicios\/","title":{"rendered":"Servicios"},"content":{"rendered":"<div class=\"et_pb_section_0 et_pb_section et_section_regular et_block_section\">\n<div class=\"et_pb_row_0 et_pb_row et_pb_gutters3 et_block_row\">\n<div class=\"et_pb_column_0 et_pb_column et_pb_column_1_2 et_block_column et_pb_css_mix_blend_mode_passthrough\">\n<div class=\"et_pb_image_0 et_pb_image et_pb_module et_block_module\"><span class=\"et_pb_image_wrap\"><img loading=\"lazy\" decoding=\"async\" src=\"https:\/\/viveza.mx\/wp-content\/uploads\/2025\/12\/Ejecucion.webp\" width=\"650\" height=\"648\" srcset=\"https:\/\/viveza.mx\/wp-content\/uploads\/2025\/12\/Ejecucion.webp 650w, https:\/\/viveza.mx\/wp-content\/uploads\/2025\/12\/Ejecucion-480x479.webp 480w\" sizes=\"(min-width: 0px) and (max-width: 480px) 480px, (min-width: 481px) 650px, 100vw\" class=\"wp-image-90\" title=\"cargo-transport-16\" \/><\/span><\/div>\n\n<div class=\"et_pb_image_1 et_pb_image et_pb_module et_block_module\"><span class=\"et_pb_image_wrap\"><img loading=\"lazy\" decoding=\"async\" src=\"https:\/\/viveza.mx\/wp-content\/uploads\/2025\/12\/Realizacion.webp\" width=\"650\" height=\"648\" srcset=\"https:\/\/viveza.mx\/wp-content\/uploads\/2025\/12\/Realizacion.webp 650w, https:\/\/viveza.mx\/wp-content\/uploads\/2025\/12\/Realizacion-480x479.webp 480w\" sizes=\"(min-width: 0px) and (max-width: 480px) 480px, (min-width: 481px) 650px, 100vw\" class=\"wp-image-92\" title=\"cargo-transport-15\" \/><\/span><\/div>\n\n<div class=\"et_pb_image_2 et_pb_image et_pb_module et_block_module\"><span class=\"et_pb_image_wrap\"><img loading=\"lazy\" decoding=\"async\" src=\"https:\/\/viveza.mx\/wp-content\/uploads\/2025\/12\/Construccion-1-scaled.webp\" width=\"2560\" height=\"1429\" srcset=\"https:\/\/viveza.mx\/wp-content\/uploads\/2025\/12\/Construccion-1-scaled.webp 2560w, https:\/\/viveza.mx\/wp-content\/uploads\/2025\/12\/Construccion-1-1280x715.webp 1280w, https:\/\/viveza.mx\/wp-content\/uploads\/2025\/12\/Construccion-1-980x547.webp 980w, https:\/\/viveza.mx\/wp-content\/uploads\/2025\/12\/Construccion-1-480x268.webp 480w\" sizes=\"(min-width: 0px) and (max-width: 480px) 480px, (min-width: 481px) and (max-width: 980px) 980px, (min-width: 981px) and (max-width: 1280px) 1280px, (min-width: 1281px) 2560px, 100vw\" class=\"wp-image-195\" title=\"cargo-transport-17\" \/><\/span><\/div>\n<\/div>\n\n<div class=\"et_pb_column_1 et_pb_column et_pb_column_1_2 et-last-child et_block_column et_pb_css_mix_blend_mode_passthrough\">\n<div class=\"et_pb_text_0 et_pb_text et_pb_bg_layout_light et_pb_module et_block_module preset--module--divi-text--602c5cb9-25b9-4848-b570-0a711787e5f6\"><div class=\"et_pb_text_inner\"><h4>Nuestros servicios<\/h4>\n<\/div><\/div>\n\n<div class=\"et_pb_text_1 et_pb_text et_pb_bg_layout_light et_pb_module et_block_module preset--module--divi-text--44cf4f86-436f-4844-bed1-7ce40912f774\"><div class=\"et_pb_text_inner\"><h2>Rehabilitaciones Integrales Viveza<\/h2>\n<\/div><\/div>\n\n<div class=\"et_pb_text_2 et_pb_text et_pb_bg_layout_light et_pb_module et_block_module preset--module--divi-text--181737c7-5946-4339-a44f-e638e2507bdb\"><div class=\"et_pb_text_inner\"><p>Rehabilitaciones Integrales Viveza es una empresa familiar dedicada a la construcci\u00f3n y mantenimiento con ra\u00edces en la tradici\u00f3n y el arte. Ofrecemos una amplia gama de servicios, desde nuevas construcciones hasta meticulosas restauraciones, asegurando el uso de materiales de primera calidad en cada proyecto.<\/p>\n<\/div><\/div>\n\n<div class=\"et_pb_module et_pb_button_module_wrapper et_pb_button_0_wrapper preset--module--divi-button--45e0014d-203d-4d31-b276-15dec337cefc_wrapper\"><a class=\"et_pb_button_0 et_pb_button et_pb_bg_layout_light et_pb_module et_block_module preset--module--divi-button--45e0014d-203d-4d31-b276-15dec337cefc\" href=\"https:\/\/viveza.mx\/inicio\/contacto\/\" data-icon=\"$\">Contactanos<\/a><\/div>\n<\/div>\n<\/div>\n<\/div>\n\n<div class=\"et_pb_section_1 et_pb_section et_section_regular et_block_section et_animated\">\n<div class=\"et_pb_row_1 et_pb_row et_pb_gutters3 et_block_row et_animated\">\n<div class=\"et_pb_column_2 et_pb_column et_pb_column_4_4 et-last-child et_block_column et_pb_css_mix_blend_mode_passthrough\">\n<div class=\"et_pb_text_3 et_pb_text et_pb_bg_layout_light et_pb_module et_block_module preset--module--divi-text--44cf4f86-436f-4844-bed1-7ce40912f774\"><div class=\"et_pb_text_inner\"><div id=\"comp-m78y1smr4\" class=\"Z_l5lU ku3DBC zQ9jDz qvSjx3 Vq6kJx comp-m78y1smr4 wixui-rich-text\" data-testid=\"richTextElement\" data-motion-enter=\"done\" style=\"background: transparent; border: 0px; margin: 14px 0px 22px calc(0% + 0px); outline: 0px; padding: 0px; vertical-align: baseline; pointer-events: none; text-size-adjust: 100%; direction: ltr; min-height: auto; min-width: auto; mix-blend-mode: normal; overflow-wrap: break-word; text-align: start; text-shadow: rgba(0, 0, 0, 0) 0px 0px 0px, rgba(0, 0, 0, 0) 0px 0px 0px; text-transform: none; position: relative; left: 23px; grid-area: 1 \/ 1 \/ 2 \/ 2; place-self: start; --backgroundcolor: 0,0,0; --alpha-backgroundcolor: 0; --blendmode: normal; --textshadow: 0px 0px transparent; --textoutline: 0px 0px transparent; width: 891px; height: auto; --text-direction: ltr; color: #000000; font-family: Arial, Helvetica, sans-serif; font-size: 10px; font-style: normal; font-variant-ligatures: normal; font-variant-caps: normal; font-weight: 400; letter-spacing: normal; orphans: 2; text-indent: 0px; widows: 2; word-spacing: 0px; -webkit-text-stroke-width: 0px; white-space: normal; text-decoration-thickness: initial; text-decoration-style: initial; text-decoration-color: initial;\">\n<h2 class=\"font_8 wixui-rich-text__text\" style=\"background: transparent; border: 0px; outline: 0px; padding: 0px; vertical-align: baseline; pointer-events: auto; font: 700 16px \/ 25.6px barlow-extralight, barlow, sans-serif; color: #ffffff; letter-spacing: 0em; margin-block: 0px; margin: 0px;\"><span class=\"color_11 wixui-rich-text__text\" style=\"background: transparent; border: 0px; margin: 0px; outline: 0px; padding: 0px; vertical-align: baseline; color: #ffffff;\">PASTAS, APLANADOS, TABLA ROCA, FALSO PLAF\u00d3N, CANCELER\u00cdAS<\/span><\/h2>\n<\/div>\n<\/div><\/div>\n<\/div>\n<\/div>\n\n<div class=\"et_pb_row_2 et_pb_row et_pb_gutters3 et_block_row et_animated\">\n<div class=\"et_pb_column_3 et_pb_column et_pb_column_4_4 et-last-child et_block_column et_pb_css_mix_blend_mode_passthrough\">\n<div class=\"et_pb_text_4 et_pb_text et_pb_bg_layout_light et_pb_module et_block_module preset--module--divi-text--44cf4f86-436f-4844-bed1-7ce40912f774\"><div class=\"et_pb_text_inner\"><div id=\"comp-m78y1smr4\" class=\"Z_l5lU ku3DBC zQ9jDz qvSjx3 Vq6kJx comp-m78y1smr4 wixui-rich-text\" data-testid=\"richTextElement\" data-motion-enter=\"done\" style=\"background: transparent; border: 0px; margin: 14px 0px 22px calc(0% + 0px); outline: 0px; padding: 0px; vertical-align: baseline; pointer-events: none; text-size-adjust: 100%; direction: ltr; min-height: auto; min-width: auto; mix-blend-mode: normal; overflow-wrap: break-word; text-align: start; text-shadow: rgba(0, 0, 0, 0) 0px 0px 0px, rgba(0, 0, 0, 0) 0px 0px 0px; text-transform: none; position: relative; left: 23px; grid-area: 1 \/ 1 \/ 2 \/ 2; place-self: start; --backgroundcolor: 0,0,0; --alpha-backgroundcolor: 0; --blendmode: normal; --textshadow: 0px 0px transparent; --textoutline: 0px 0px transparent; width: 891px; height: auto; --text-direction: ltr; color: #000000; font-family: Arial, Helvetica, sans-serif; font-size: 10px; font-style: normal; font-variant-ligatures: normal; font-variant-caps: normal; font-weight: 400; letter-spacing: normal; orphans: 2; text-indent: 0px; widows: 2; word-spacing: 0px; -webkit-text-stroke-width: 0px; white-space: normal; text-decoration-thickness: initial; text-decoration-style: initial; text-decoration-color: initial;\">\n<h2 class=\"font_8 wixui-rich-text__text\" style=\"background: transparent; border: 0px; outline: 0px; padding: 0px; vertical-align: baseline; pointer-events: auto; font: 700 16px \/ 25.6px barlow-extralight, barlow, sans-serif; color: #ffffff; letter-spacing: 0em; margin-block: 0px; margin: 0px;\">ADMINISTRACI\u00d3N, COORDINACI\u00d3N Y SUPERVISI\u00d3N DE OBRA<\/h2>\n<\/div>\n<\/div><\/div>\n<\/div>\n<\/div>\n\n<div class=\"et_pb_row_3 et_pb_row et_pb_gutters3 et_block_row et_animated\">\n<div class=\"et_pb_column_4 et_pb_column et_pb_column_4_4 et-last-child et_block_column et_pb_css_mix_blend_mode_passthrough\">\n<div class=\"et_pb_text_5 et_pb_text et_pb_bg_layout_light et_pb_module et_block_module preset--module--divi-text--44cf4f86-436f-4844-bed1-7ce40912f774\"><div class=\"et_pb_text_inner\"><div id=\"comp-m78y1smr4\" class=\"Z_l5lU ku3DBC zQ9jDz qvSjx3 Vq6kJx comp-m78y1smr4 wixui-rich-text\" data-testid=\"richTextElement\" data-motion-enter=\"done\" style=\"background: transparent; border: 0px; margin: 14px 0px 22px calc(0% + 0px); outline: 0px; padding: 0px; vertical-align: baseline; pointer-events: none; text-size-adjust: 100%; direction: ltr; min-height: auto; min-width: auto; mix-blend-mode: normal; overflow-wrap: break-word; text-align: start; text-shadow: rgba(0, 0, 0, 0) 0px 0px 0px, rgba(0, 0, 0, 0) 0px 0px 0px; text-transform: none; position: relative; left: 23px; grid-area: 1 \/ 1 \/ 2 \/ 2; place-self: start; --backgroundcolor: 0,0,0; --alpha-backgroundcolor: 0; --blendmode: normal; --textshadow: 0px 0px transparent; --textoutline: 0px 0px transparent; width: 891px; height: auto; --text-direction: ltr; color: #000000; font-family: Arial, Helvetica, sans-serif; font-size: 10px; font-style: normal; font-variant-ligatures: normal; font-variant-caps: normal; font-weight: 400; letter-spacing: normal; orphans: 2; text-indent: 0px; widows: 2; word-spacing: 0px; -webkit-text-stroke-width: 0px; white-space: normal; text-decoration-thickness: initial; text-decoration-style: initial; text-decoration-color: initial;\">\n<h2 class=\"font_8 wixui-rich-text__text\" style=\"background: transparent; border: 0px; outline: 0px; padding: 0px; vertical-align: baseline; pointer-events: auto; font: 700 16px \/ 25.6px barlow-extralight, barlow, sans-serif; color: #ffffff; letter-spacing: 0em; margin-block: 0px; margin: 0px;\"><strong>ELABORACI\u00d3N DE PRESUPUESTOS<\/strong><\/p>\n<\/h2>\n<\/div>\n<\/div><\/div>\n<\/div>\n<\/div>\n\n<div class=\"et_pb_row_4 et_pb_row et_pb_gutters3 et_block_row et_animated\">\n<div class=\"et_pb_column_5 et_pb_column et_pb_column_4_4 et-last-child et_block_column et_pb_css_mix_blend_mode_passthrough\">\n<div class=\"et_pb_text_6 et_pb_text et_pb_bg_layout_light et_pb_module et_block_module preset--module--divi-text--44cf4f86-436f-4844-bed1-7ce40912f774\"><div class=\"et_pb_text_inner\"><div id=\"comp-m78y1smr4\" class=\"Z_l5lU ku3DBC zQ9jDz qvSjx3 Vq6kJx comp-m78y1smr4 wixui-rich-text\" data-testid=\"richTextElement\" data-motion-enter=\"done\" style=\"background: transparent; border: 0px; margin: 14px 0px 22px calc(0% + 0px); outline: 0px; padding: 0px; vertical-align: baseline; pointer-events: none; text-size-adjust: 100%; direction: ltr; min-height: auto; min-width: auto; mix-blend-mode: normal; overflow-wrap: break-word; text-align: start; text-shadow: rgba(0, 0, 0, 0) 0px 0px 0px, rgba(0, 0, 0, 0) 0px 0px 0px; text-transform: none; position: relative; left: 23px; grid-area: 1 \/ 1 \/ 2 \/ 2; place-self: start; --backgroundcolor: 0,0,0; --alpha-backgroundcolor: 0; --blendmode: normal; --textshadow: 0px 0px transparent; --textoutline: 0px 0px transparent; width: 891px; height: auto; --text-direction: ltr; color: #000000; font-family: Arial, Helvetica, sans-serif; font-size: 10px; font-style: normal; font-variant-ligatures: normal; font-variant-caps: normal; font-weight: 400; letter-spacing: normal; orphans: 2; text-indent: 0px; widows: 2; word-spacing: 0px; -webkit-text-stroke-width: 0px; white-space: normal; text-decoration-thickness: initial; text-decoration-style: initial; text-decoration-color: initial;\">\n<h2 class=\"font_8 wixui-rich-text__text\" style=\"background: transparent; border: 0px; outline: 0px; padding: 0px; vertical-align: baseline; pointer-events: auto; font: 700 16px \/ 25.6px barlow-extralight, barlow, sans-serif; color: #ffffff; letter-spacing: 0em; margin-block: 0px; margin: 0px;\">CONTROL DE COSTOS &#8211; CONTROL DE CALIDAD<\/h2>\n<\/div>\n<\/div><\/div>\n<\/div>\n<\/div>\n\n<div class=\"et_pb_row_5 et_pb_row et_pb_gutters3 et_block_row et_animated\">\n<div class=\"et_pb_column_6 et_pb_column et_pb_column_4_4 et-last-child et_block_column et_pb_css_mix_blend_mode_passthrough\">\n<div class=\"et_pb_text_7 et_pb_text et_pb_bg_layout_light et_pb_module et_block_module preset--module--divi-text--44cf4f86-436f-4844-bed1-7ce40912f774\"><div class=\"et_pb_text_inner\"><div id=\"comp-m78y1smr4\" class=\"Z_l5lU ku3DBC zQ9jDz qvSjx3 Vq6kJx comp-m78y1smr4 wixui-rich-text\" data-testid=\"richTextElement\" data-motion-enter=\"done\" style=\"background: transparent; border: 0px; margin: 14px 0px 22px calc(0% + 0px); outline: 0px; padding: 0px; vertical-align: baseline; pointer-events: none; text-size-adjust: 100%; direction: ltr; min-height: auto; min-width: auto; mix-blend-mode: normal; overflow-wrap: break-word; text-align: start; text-shadow: rgba(0, 0, 0, 0) 0px 0px 0px, rgba(0, 0, 0, 0) 0px 0px 0px; text-transform: none; position: relative; left: 23px; grid-area: 1 \/ 1 \/ 2 \/ 2; place-self: start; --backgroundcolor: 0,0,0; --alpha-backgroundcolor: 0; --blendmode: normal; --textshadow: 0px 0px transparent; --textoutline: 0px 0px transparent; width: 891px; height: auto; --text-direction: ltr; color: #000000; font-family: Arial, Helvetica, sans-serif; font-size: 10px; font-style: normal; font-variant-ligatures: normal; font-variant-caps: normal; font-weight: 400; letter-spacing: normal; orphans: 2; text-indent: 0px; widows: 2; word-spacing: 0px; -webkit-text-stroke-width: 0px; white-space: normal; text-decoration-thickness: initial; text-decoration-style: initial; text-decoration-color: initial;\">\n<h2 class=\"font_8 wixui-rich-text__text\" style=\"background: transparent; border: 0px; outline: 0px; padding: 0px; vertical-align: baseline; pointer-events: auto; font: 700 16px \/ 25.6px barlow-extralight, barlow, sans-serif; color: #ffffff; letter-spacing: 0em; margin-block: 0px; margin: 0px;\">HERRER\u00cdA, PISOS ESCALERAS Y BARANDALES<\/h2>\n<\/div>\n<\/div><\/div>\n<\/div>\n<\/div>\n\n<div class=\"et_pb_row_6 et_pb_row et_pb_gutters3 et_block_row et_animated\">\n<div class=\"et_pb_column_7 et_pb_column et_pb_column_4_4 et-last-child et_block_column et_pb_css_mix_blend_mode_passthrough\">\n<div class=\"et_pb_text_8 et_pb_text et_pb_bg_layout_light et_pb_module et_block_module preset--module--divi-text--44cf4f86-436f-4844-bed1-7ce40912f774\"><div class=\"et_pb_text_inner\"><div id=\"comp-m78y1smr4\" class=\"Z_l5lU ku3DBC zQ9jDz qvSjx3 Vq6kJx comp-m78y1smr4 wixui-rich-text\" data-testid=\"richTextElement\" data-motion-enter=\"done\" style=\"background: transparent; border: 0px; margin: 14px 0px 22px calc(0% + 0px); outline: 0px; padding: 0px; vertical-align: baseline; pointer-events: none; text-size-adjust: 100%; direction: ltr; min-height: auto; min-width: auto; mix-blend-mode: normal; overflow-wrap: break-word; text-align: start; text-shadow: rgba(0, 0, 0, 0) 0px 0px 0px, rgba(0, 0, 0, 0) 0px 0px 0px; text-transform: none; position: relative; left: 23px; grid-area: 1 \/ 1 \/ 2 \/ 2; place-self: start; --backgroundcolor: 0,0,0; --alpha-backgroundcolor: 0; --blendmode: normal; --textshadow: 0px 0px transparent; --textoutline: 0px 0px transparent; width: 891px; height: auto; --text-direction: ltr; color: #000000; font-family: Arial, Helvetica, sans-serif; font-size: 10px; font-style: normal; font-variant-ligatures: normal; font-variant-caps: normal; font-weight: 400; letter-spacing: normal; orphans: 2; text-indent: 0px; widows: 2; word-spacing: 0px; -webkit-text-stroke-width: 0px; white-space: normal; text-decoration-thickness: initial; text-decoration-style: initial; text-decoration-color: initial;\">\n<h2 class=\"font_8 wixui-rich-text__text\" style=\"background: transparent; border: 0px; outline: 0px; padding: 0px; vertical-align: baseline; pointer-events: auto; font: 700 16px \/ 25.6px barlow-extralight, barlow, sans-serif; color: #ffffff; letter-spacing: 0em; margin-block: 0px; margin: 0px;\">ADMINISTRACI\u00d3N DE DISE\u00d1OS E INGENIER\u00cdAS<\/h2>\n<\/div>\n<\/div><\/div>\n<\/div>\n<\/div>\n\n<div class=\"et_pb_row_7 et_pb_row et_pb_gutters3 et_block_row et_animated\">\n<div class=\"et_pb_column_8 et_pb_column et_pb_column_4_4 et-last-child et_block_column et_pb_css_mix_blend_mode_passthrough\">\n<div class=\"et_pb_text_9 et_pb_text et_pb_bg_layout_light et_pb_module et_block_module preset--module--divi-text--44cf4f86-436f-4844-bed1-7ce40912f774\"><div class=\"et_pb_text_inner\"><div id=\"comp-m78y1smr4\" class=\"Z_l5lU ku3DBC zQ9jDz qvSjx3 Vq6kJx comp-m78y1smr4 wixui-rich-text\" data-testid=\"richTextElement\" data-motion-enter=\"done\" style=\"background: transparent; border: 0px; margin: 14px 0px 22px calc(0% + 0px); outline: 0px; padding: 0px; vertical-align: baseline; pointer-events: none; text-size-adjust: 100%; direction: ltr; min-height: auto; min-width: auto; mix-blend-mode: normal; overflow-wrap: break-word; text-align: start; text-shadow: rgba(0, 0, 0, 0) 0px 0px 0px, rgba(0, 0, 0, 0) 0px 0px 0px; text-transform: none; position: relative; left: 23px; grid-area: 1 \/ 1 \/ 2 \/ 2; place-self: start; --backgroundcolor: 0,0,0; --alpha-backgroundcolor: 0; --blendmode: normal; --textshadow: 0px 0px transparent; --textoutline: 0px 0px transparent; width: 891px; height: auto; --text-direction: ltr; color: #000000; font-family: Arial, Helvetica, sans-serif; font-size: 10px; font-style: normal; font-variant-ligatures: normal; font-variant-caps: normal; font-weight: 400; letter-spacing: normal; orphans: 2; text-indent: 0px; widows: 2; word-spacing: 0px; -webkit-text-stroke-width: 0px; white-space: normal; text-decoration-thickness: initial; text-decoration-style: initial; text-decoration-color: initial;\">\n<h2 class=\"font_8 wixui-rich-text__text\" style=\"background: transparent; border: 0px; outline: 0px; padding: 0px; vertical-align: baseline; pointer-events: auto; font: 700 16px \/ 25.6px barlow-extralight, barlow, sans-serif; color: #ffffff; letter-spacing: 0em; margin-block: 0px; margin: 0px;\">COORDINACI\u00d3N Y SUPERVISI\u00d3N DE CONTRATISTAS<\/h2>\n<\/div>\n<\/div><\/div>\n<\/div>\n<\/div>\n<\/div>","protected":false},"excerpt":{"rendered":"","protected":false},"author":1,"featured_media":0,"parent":0,"menu_order":0,"comment_status":"closed","ping_status":"closed","template":"","meta":{"footnotes":""},"class_list":["post-182","page","type-page","status-publish","hentry"],"_links":{"self":[{"href":"https:\/\/viveza.mx\/inicio\/wp-json\/wp\/v2\/pages\/182","targetHints":{"allow":["GET"]}}],"collection":[{"href":"https:\/\/viveza.mx\/inicio\/wp-json\/wp\/v2\/pages"}],"about":[{"href":"https:\/\/viveza.mx\/inicio\/wp-json\/wp\/v2\/types\/page"}],"author":[{"embeddable":true,"href":"https:\/\/viveza.mx\/inicio\/wp-json\/wp\/v2\/users\/1"}],"replies":[{"embeddable":true,"href":"https:\/\/viveza.mx\/inicio\/wp-json\/wp\/v2\/comments?post=182"}],"version-history":[{"count":6,"href":"https:\/\/viveza.mx\/inicio\/wp-json\/wp\/v2\/pages\/182\/revisions"}],"predecessor-version":[{"id":278,"href":"https:\/\/viveza.mx\/inicio\/wp-json\/wp\/v2\/pages\/182\/revisions\/278"}],"wp:attachment":[{"href":"https:\/\/viveza.mx\/inicio\/wp-json\/wp\/v2\/media?parent=182"}],"curies":[{"name":"wp","href":"https:\/\/api.w.org\/{rel}","templated":true}]}}