{"id":18,"date":"2025-11-30T11:38:55","date_gmt":"2025-11-30T17:38:55","guid":{"rendered":"https:\/\/viveza.mx\/?page_id=18"},"modified":"2026-01-11T02:25:41","modified_gmt":"2026-01-11T08:25:41","slug":"inicio","status":"publish","type":"page","link":"https:\/\/viveza.mx\/inicio\/","title":{"rendered":"Inicio"},"content":{"rendered":"<div class=\"et_pb_section_0 et_pb_section et_section_regular et_block_section et_pb_section_parallax\"><span class=\"et-pb-parallax-wrapper\"><span class=\"et-pb-parallax-background et-pb-parallax-background--css et-pb-parallax-background-module--divi-section-0\" style=\"background-image:url(https:\/\/viveza.mx\/wp-content\/uploads\/2025\/11\/Inicio-1-1.webp)\"><\/span><\/span>\n<div class=\"et_pb_row_0 et_pb_row et_pb_gutters3 et_block_row\">\n<div class=\"et_pb_column_0 et_pb_column et_pb_column_4_4 et-last-child et_block_column et_pb_css_mix_blend_mode_passthrough\">\n<div class=\"et_pb_text_0 et_pb_text et_pb_bg_layout_light et_pb_module et_block_module preset--module--divi-text--5312cd1e-1780-41f4-9acb-8a2bb6124f5c\"><div class=\"et_pb_text_inner\" data-et-mv-hidden-phone=\"true\"><h1><span class=\"wixui-rich-text__text\" style=\"background: transparent; border: 0px; margin: 0px; outline: 0px; padding: 0px; vertical-align: baseline; font-family: Aboreto; font-size: xx-large; color: #ffffff;\"><span class=\"wixui-rich-text__text\" style=\"background: transparent; border: 0px; margin: 0px; outline: 0px; padding: 0px; vertical-align: baseline;\"><span class=\"wixui-rich-text__text\" style=\"background: transparent; border: 0px; margin: 0px; outline: 0px; padding: 0px; vertical-align: baseline;\">REHABILITACIONES INTEGRALES VIVEZA<\/span><\/span><\/span><\/h1>\n<\/div><\/div>\n\n<div class=\"et_pb_text_1 et_pb_text et_pb_bg_layout_light et_pb_module et_block_module preset--module--divi-text--e6edfeea-0914-4717-b0c3-ce402b4c9e0e\"><div class=\"et_pb_text_inner\" data-et-mv-hidden-phone=\"true\"><p><span style=\"color: #ffffff; font-family: barlow-extralight, barlow, sans-serif; font-size: 25px; font-style: normal; font-variant-ligatures: normal; font-variant-caps: normal; letter-spacing: 2px; text-align: center; text-indent: 0px; text-transform: none; word-spacing: 0px; -webkit-text-stroke-width: 0px; white-space: normal; text-decoration-thickness: initial; text-decoration-style: initial; text-decoration-color: initial; display: inline !important; float: none;\">Nuestro objetivo es ofrecer soluciones integrales que garanticen la planeaci\u00f3n, ejecuci\u00f3n y administraci\u00f3n de proyectos con altos est\u00e1ndares de calidad, seguridad y eficiencia.<\/span><\/p>\n<p><span style=\"color: #000000; font-family: barlow-extralight, barlow, sans-serif; font-size: 20px; font-style: normal; font-variant-ligatures: normal; font-variant-caps: normal; letter-spacing: 2px; text-align: center; text-indent: 0px; text-transform: none; word-spacing: 0px; -webkit-text-stroke-width: 0px; white-space: normal; text-decoration-thickness: initial; text-decoration-style: initial; text-decoration-color: initial; display: inline !important; float: none;\"><\/span><\/p>\n<\/div><\/div>\n\n<div class=\"et_pb_module et_pb_button_module_wrapper et_pb_button_0_wrapper preset--module--divi-button--690be949-ec32-4f42-8ff1-72c76295a97d_wrapper\"><a class=\"et_pb_button_0 et_pb_button et_pb_bg_layout_light et_pb_module et_block_module preset--module--divi-button--690be949-ec32-4f42-8ff1-72c76295a97d\" href=\"https:\/\/viveza.mx\/inicio\/contacto\/\">Contacto<\/a><\/div>\n<\/div>\n<\/div>\n<\/div>\n\n<div class=\"et_pb_section_1 et_pb_section et_section_regular et_flex_section\">\n<div class=\"et_pb_row_1 et_pb_row et_flex_row\">\n<div class=\"et_pb_column_1 et_pb_column et_flex_column et_pb_css_mix_blend_mode_passthrough et_flex_column_3_5 et_flex_column_24_24_phone\">\n<div class=\"et_pb_testimonial_0 et_pb_testimonial et_pb_bg_layout_light et_pb_module et_flex_module\"><div class=\"et_pb_testimonial_inner\"><div class=\"et_pb_testimonial_portrait\" style=\"background-image:url(https:\/\/viveza.mx\/wp-content\/uploads\/2025\/11\/Viveza.png)\"><\/div><div class=\"et_pb_testimonial_description et_flex_module\"><div class=\"et_pb_testimonial_description_inner\"><div class=\"et_pb_testimonial_content\"><p><span style=\"font-weight: normal; color: #ffffff;\"><span style=\"font-family: cormorantgaramond-semibold,cormorantgaramond,cormorant garamond,serif;\"><span style=\"font-size: 40px;\">\u00abLa \u00fanica forma de hacer un gran trabajo es amando lo que haces\u00bb<\/span><\/span><\/span><\/p>\n<\/div><\/div><div class=\"et_pb_testimonial_meta\"><\/div><\/div><\/div><\/div>\n<\/div>\n\n<div class=\"et_pb_column_2 et_pb_column et-last-child et_flex_column et_pb_css_mix_blend_mode_passthrough et_flex_column_2_5 et_flex_column_24_24_phone\">\n<div class=\"et_pb_image_0 et_pb_image et_pb_module et_flex_module\"><span class=\"et_pb_image_wrap\"><img loading=\"lazy\" decoding=\"async\" src=\"https:\/\/viveza.mx\/wp-content\/uploads\/2025\/12\/2.webp\" width=\"1856\" height=\"2304\" srcset=\"https:\/\/viveza.mx\/wp-content\/uploads\/2025\/12\/2.webp 1856w, https:\/\/viveza.mx\/wp-content\/uploads\/2025\/12\/2-1280x1589.webp 1280w, https:\/\/viveza.mx\/wp-content\/uploads\/2025\/12\/2-980x1217.webp 980w, https:\/\/viveza.mx\/wp-content\/uploads\/2025\/12\/2-480x596.webp 480w\" sizes=\"(min-width: 0px) and (max-width: 480px) 480px, (min-width: 481px) and (max-width: 980px) 980px, (min-width: 981px) and (max-width: 1280px) 1280px, (min-width: 1281px) 1856px, 100vw\" class=\"wp-image-78\" \/><\/span><\/div>\n<\/div>\n<\/div>\n<\/div>\n\n<div class=\"et_pb_section_2 et_pb_section et_section_regular et_flex_section\">\n<div class=\"et_pb_row_2 et_pb_row et_flex_row\">\n<div class=\"et_pb_column_3 et_pb_column et-last-child et_flex_column et_pb_css_mix_blend_mode_passthrough et_flex_column_24_24\">\n<div class=\"et_pb_divider_0 et_pb_divider_hidden et_pb_space et_pb_divider_position_top et_pb_module\"><div class=\"et_pb_divider_internal\"><\/div><\/div>\n<\/div>\n<\/div>\n<\/div>\n\n<div class=\"et_pb_section_3 et_pb_section et_section_regular et_flex_section\">\n<div class=\"et_pb_row_3 et_pb_row et-vb-row--no-module et_flex_row et_animated\">\n<div class=\"et_pb_column_4 et_pb_column et-last-child et_flex_column et_pb_column_empty et_pb_css_mix_blend_mode_passthrough et_flex_column_24_24\"><\/div>\n<\/div>\n<\/div>\n\n<div class=\"et_pb_section_4 et_pb_section et_section_regular et_flex_section\">\n<div class=\"et_pb_row_4 et_pb_row et_flex_row\">\n<div class=\"et_pb_column_5 et_pb_column et-last-child et_flex_column et_pb_css_mix_blend_mode_passthrough et_flex_column_24_24\">\n<div class=\"et_pb_divider_1 et_pb_divider_hidden et_pb_space et_pb_divider_position_top et_pb_module\"><div class=\"et_pb_divider_internal\"><\/div><\/div>\n<\/div>\n<\/div>\n<\/div>\n\n<div class=\"et_pb_section_5 et_pb_section et_section_regular et_block_section\">\n<div class=\"et_pb_row_5 et_pb_row et_pb_gutters3 et_block_row\">\n<div class=\"et_pb_column_6 et_pb_column et_pb_column_1_2 et_block_column et_pb_css_mix_blend_mode_passthrough\">\n<div class=\"et_pb_image_1 et_pb_image et_pb_module et_block_module\"><span class=\"et_pb_image_wrap\"><img loading=\"lazy\" decoding=\"async\" src=\"https:\/\/viveza.mx\/wp-content\/uploads\/2025\/12\/Planeacion.webp\" width=\"650\" height=\"648\" srcset=\"https:\/\/viveza.mx\/wp-content\/uploads\/2025\/12\/Planeacion.webp 650w, https:\/\/viveza.mx\/wp-content\/uploads\/2025\/12\/Planeacion-480x479.webp 480w\" sizes=\"(min-width: 0px) and (max-width: 480px) 480px, (min-width: 481px) 650px, 100vw\" class=\"wp-image-93\" title=\"energy-1\" \/><\/span><\/div>\n\n<div class=\"et_pb_text_2 et_pb_text et_pb_bg_layout_light et_pb_module et_block_module preset--module--divi-text--f2655583-ea8a-45eb-9299-f4f1e65d22c4\"><div class=\"et_pb_text_inner\"><div id=\"comp-kyvfyiml\" class=\"Z_l5lU ku3DBC zQ9jDz qvSjx3 Vq6kJx comp-kyvfyiml wixui-rich-text\" data-testid=\"richTextElement\" style=\"background: transparent; border: 0px; margin: 33px 0px 17px; outline: 0px; padding: 0px; vertical-align: baseline; pointer-events: none; direction: ltr; min-height: auto; min-width: auto; mix-blend-mode: normal; overflow-wrap: break-word; text-align: start; text-shadow: rgba(0, 0, 0, 0) 0px 0px 0px, rgba(0, 0, 0, 0) 0px 0px 0px; text-transform: none; position: relative; left: 24px; grid-area: 1 \/ 1 \/ 2 \/ 2; place-self: start; --backgroundcolor: 0,0,0; --alpha-backgroundcolor: 0; --blendmode: normal; --textshadow: 0px 0px transparent; --textoutline: 0px 0px transparent; width: 270px; height: auto; --text-direction: ltr; color: #000000; font-family: Arial, Helvetica, sans-serif; font-size: 10px; font-style: normal; font-variant-ligatures: normal; font-variant-caps: normal; font-weight: 400; letter-spacing: normal; text-indent: 0px; word-spacing: 0px; -webkit-text-stroke-width: 0px; white-space: normal;\">\n<h3 class=\"font_5 wixui-rich-text__text\" style=\"background: transparent; border: 0px; outline: 0px; padding: 0px; vertical-align: baseline; pointer-events: auto; font: 400 28px \/ 39.2px helvetica-w01-light, sans-serif; color: #ffffff; letter-spacing: 0em; margin-block: 0px; margin: 0px;\"><span style=\"color: #ffffff; font-family: Aboreto; font-weight: normal;\">PLANEACI\u00d3N<\/span><\/h3>\n<\/div>\n<div id=\"comp-kyvfzsex\" class=\"Z_l5lU ku3DBC zQ9jDz qvSjx3 Vq6kJx comp-kyvfzsex wixui-rich-text\" data-testid=\"richTextElement\" style=\"background: transparent; border: 0px; margin: 0px 0px 35px; outline: 0px; padding: 0px; vertical-align: baseline; pointer-events: none; direction: ltr; min-height: auto; min-width: auto; mix-blend-mode: normal; overflow-wrap: break-word; text-align: start; text-shadow: rgba(0, 0, 0, 0) 0px 0px 0px, rgba(0, 0, 0, 0) 0px 0px 0px; text-transform: none; position: relative; left: 24px; grid-area: 2 \/ 1 \/ 3 \/ 2; place-self: start; --backgroundcolor: 0,0,0; --alpha-backgroundcolor: 0; --blendmode: normal; --textshadow: 0px 0px transparent; --textoutline: 0px 0px transparent; width: 179px; height: auto; --text-direction: ltr; color: #000000; font-family: Arial, Helvetica, sans-serif; font-size: 10px; font-style: normal; font-variant-ligatures: normal; font-variant-caps: normal; font-weight: 400; letter-spacing: normal; text-indent: 0px; word-spacing: 0px; -webkit-text-stroke-width: 0px; white-space: normal;\">\n<p class=\"font_8 wixui-rich-text__text\" style=\"background: transparent; border: 0px; outline: 0px; padding: 0px; vertical-align: baseline; pointer-events: auto; font: 700 16px \/ 25.6px barlow-extralight, barlow, sans-serif; color: #ffffff; letter-spacing: 0em; margin-block: 0px; margin: 0px;\"><span class=\"color_15 wixui-rich-text__text\" style=\"background: transparent; border: 0px; margin: 0px; outline: 0px; padding: 0px; vertical-align: baseline; color: #ffffff; font-family: Aboreto; font-weight: normal;\">Ofreciendo precios transparentes y justos.<\/span><\/p>\n<\/div>\n<\/div><\/div>\n<\/div>\n\n<div class=\"et_pb_column_7 et_pb_column et_pb_column_1_2 et-last-child et_block_column et_pb_css_mix_blend_mode_passthrough\">\n<div class=\"et_pb_image_2 et_pb_image et_pb_module et_block_module\"><span class=\"et_pb_image_wrap\"><img loading=\"lazy\" decoding=\"async\" src=\"https:\/\/viveza.mx\/wp-content\/uploads\/2025\/12\/Realizacion.webp\" width=\"650\" height=\"648\" srcset=\"https:\/\/viveza.mx\/wp-content\/uploads\/2025\/12\/Realizacion.webp 650w, https:\/\/viveza.mx\/wp-content\/uploads\/2025\/12\/Realizacion-480x479.webp 480w\" sizes=\"(min-width: 0px) and (max-width: 480px) 480px, (min-width: 481px) 650px, 100vw\" class=\"wp-image-92\" title=\"energy-2\" \/><\/span><\/div>\n\n<div class=\"et_pb_text_3 et_pb_text et_pb_bg_layout_light et_pb_module et_block_module preset--module--divi-text--f2655583-ea8a-45eb-9299-f4f1e65d22c4\"><div class=\"et_pb_text_inner\"><div id=\"comp-kyvg582q\" class=\"Z_l5lU ku3DBC zQ9jDz qvSjx3 Vq6kJx comp-kyvg582q wixui-rich-text\" data-testid=\"richTextElement\" style=\"background: transparent; border: 0px; margin: 33px 0px 17px; outline: 0px; padding: 0px; vertical-align: baseline; pointer-events: none; text-size-adjust: 100%; direction: ltr; min-height: auto; min-width: auto; mix-blend-mode: normal; overflow-wrap: break-word; text-align: start; text-shadow: rgba(0, 0, 0, 0) 0px 0px 0px, rgba(0, 0, 0, 0) 0px 0px 0px; text-transform: none; position: relative; left: 21px; grid-area: 1 \/ 1 \/ 2 \/ 2; place-self: start; --backgroundcolor: 0,0,0; --alpha-backgroundcolor: 0; --blendmode: normal; --textshadow: 0px 0px transparent; --textoutline: 0px 0px transparent; width: 241px; height: auto; --text-direction: ltr; color: #000000; font-family: Arial, Helvetica, sans-serif; font-size: 10px; font-style: normal; font-variant-ligatures: normal; font-variant-caps: normal; font-weight: 400; letter-spacing: normal; orphans: 2; text-indent: 0px; widows: 2; word-spacing: 0px; -webkit-text-stroke-width: 0px; white-space: normal; text-decoration-thickness: initial; text-decoration-style: initial; text-decoration-color: initial;\">\n<h3 class=\"font_5 wixui-rich-text__text\" style=\"background: transparent; border: 0px; outline: 0px; padding: 0px; vertical-align: baseline; pointer-events: auto; font: 400 28px \/ 39.2px helvetica-w01-light, sans-serif; color: #ffffff; letter-spacing: 0em; margin-block: 0px; margin: 0px;\"><span style=\"font-family: Aboreto; font-weight: normal;\">REALIZACI\u00d3N<\/span><\/h3>\n<\/div>\n<div id=\"comp-kyvg582u\" class=\"Z_l5lU ku3DBC zQ9jDz qvSjx3 Vq6kJx comp-kyvg582u wixui-rich-text\" data-testid=\"richTextElement\" style=\"background: transparent; border: 0px; margin: 0px 0px 35px; outline: 0px; padding: 0px; vertical-align: baseline; pointer-events: none; text-size-adjust: 100%; direction: ltr; min-height: auto; min-width: auto; mix-blend-mode: normal; overflow-wrap: break-word; text-align: start; text-shadow: rgba(0, 0, 0, 0) 0px 0px 0px, rgba(0, 0, 0, 0) 0px 0px 0px; text-transform: none; position: relative; left: 21px; grid-area: 2 \/ 1 \/ 3 \/ 2; place-self: start; --backgroundcolor: 0,0,0; --alpha-backgroundcolor: 0; --blendmode: normal; --textshadow: 0px 0px transparent; --textoutline: 0px 0px transparent; width: 188px; height: auto; --text-direction: ltr; color: #000000; font-family: Arial, Helvetica, sans-serif; font-size: 10px; font-style: normal; font-variant-ligatures: normal; font-variant-caps: normal; font-weight: 400; letter-spacing: normal; orphans: 2; text-indent: 0px; widows: 2; word-spacing: 0px; -webkit-text-stroke-width: 0px; white-space: normal; text-decoration-thickness: initial; text-decoration-style: initial; text-decoration-color: initial;\">\n<p class=\"font_8 wixui-rich-text__text\" style=\"background: transparent; border: 0px; outline: 0px; padding: 0px; vertical-align: baseline; pointer-events: auto; font: 700 16px \/ 25.6px barlow-extralight, barlow, sans-serif; color: #ffffff; letter-spacing: 0em; margin-block: 0px; margin: 0px;\"><span class=\"color_15 wixui-rich-text__text\" style=\"background: transparent; border: 0px; margin: 0px; outline: 0px; padding: 0px; vertical-align: baseline; color: #ffffff; font-family: Aboreto; font-weight: normal;\">Miembros del equipo cualificados y dedicados.<\/span><\/p>\n<\/div>\n<\/div><\/div>\n<\/div>\n<\/div>\n<\/div>\n\n<div class=\"et_pb_section_6 et_pb_section et_section_regular et_block_section\">\n<div class=\"et_pb_row_6 et_pb_row et_pb_gutters3 et_block_row\">\n<div class=\"et_pb_column_8 et_pb_column et_pb_column_1_2 et_block_column et_pb_css_mix_blend_mode_passthrough\">\n<div class=\"et_pb_image_3 et_pb_image et_pb_module et_block_module\"><span class=\"et_pb_image_wrap\"><img loading=\"lazy\" decoding=\"async\" src=\"https:\/\/viveza.mx\/wp-content\/uploads\/2025\/12\/Administracion.webp\" width=\"503\" height=\"502\" srcset=\"https:\/\/viveza.mx\/wp-content\/uploads\/2025\/12\/Administracion.webp 503w, https:\/\/viveza.mx\/wp-content\/uploads\/2025\/12\/Administracion-480x479.webp 480w\" sizes=\"(min-width: 0px) and (max-width: 480px) 480px, (min-width: 481px) 503px, 100vw\" class=\"wp-image-91\" title=\"energy-1\" \/><\/span><\/div>\n\n<div class=\"et_pb_text_4 et_pb_text et_pb_bg_layout_light et_pb_module et_block_module preset--module--divi-text--f2655583-ea8a-45eb-9299-f4f1e65d22c4\"><div class=\"et_pb_text_inner\"><div id=\"comp-kyvglvtj\" class=\"Z_l5lU ku3DBC zQ9jDz qvSjx3 Vq6kJx comp-kyvglvtj wixui-rich-text\" data-testid=\"richTextElement\" style=\"background: transparent; border: 0px; margin: 33px 0px 17px; outline: 0px; padding: 0px; vertical-align: baseline; pointer-events: none; text-size-adjust: 100%; direction: ltr; min-height: auto; min-width: auto; mix-blend-mode: normal; overflow-wrap: break-word; text-align: start; text-shadow: rgba(0, 0, 0, 0) 0px 0px 0px, rgba(0, 0, 0, 0) 0px 0px 0px; text-transform: none; position: relative; left: 24px; grid-area: 1 \/ 1 \/ 2 \/ 2; place-self: start; --backgroundcolor: 0,0,0; --alpha-backgroundcolor: 0; --blendmode: normal; --textshadow: 0px 0px transparent; --textoutline: 0px 0px transparent; width: 270px; height: auto; --text-direction: ltr; color: #000000; font-family: Arial, Helvetica, sans-serif; font-size: 10px; font-style: normal; font-variant-ligatures: normal; font-variant-caps: normal; font-weight: 400; letter-spacing: normal; orphans: 2; text-indent: 0px; widows: 2; word-spacing: 0px; -webkit-text-stroke-width: 0px; white-space: normal; text-decoration-thickness: initial; text-decoration-style: initial; text-decoration-color: initial;\">\n<h3 class=\"font_5 wixui-rich-text__text\" style=\"background: transparent; border: 0px; outline: 0px; padding: 0px; vertical-align: baseline; pointer-events: auto; font: 400 28px \/ 39.2px helvetica-w01-light, sans-serif; color: #ffffff; letter-spacing: 0em; margin-block: 0px; margin: 0px;\"><span style=\"font-family: Aboreto; font-weight: normal;\">ADMINISTRACI\u00d3N<\/span><\/h3>\n<\/div>\n<div id=\"comp-kyvgm3ze\" class=\"Z_l5lU ku3DBC zQ9jDz qvSjx3 Vq6kJx comp-kyvgm3ze wixui-rich-text\" data-testid=\"richTextElement\" style=\"background: transparent; border: 0px; margin: 0px 0px 35px; outline: 0px; padding: 0px; vertical-align: baseline; pointer-events: none; text-size-adjust: 100%; direction: ltr; min-height: auto; min-width: auto; mix-blend-mode: normal; overflow-wrap: break-word; text-align: start; text-shadow: rgba(0, 0, 0, 0) 0px 0px 0px, rgba(0, 0, 0, 0) 0px 0px 0px; text-transform: none; position: relative; left: 24px; grid-area: 2 \/ 1 \/ 3 \/ 2; place-self: start; --backgroundcolor: 0,0,0; --alpha-backgroundcolor: 0; --blendmode: normal; --textshadow: 0px 0px transparent; --textoutline: 0px 0px transparent; width: 270px; height: auto; --text-direction: ltr; color: #000000; font-family: Arial, Helvetica, sans-serif; font-size: 10px; font-style: normal; font-variant-ligatures: normal; font-variant-caps: normal; font-weight: 400; letter-spacing: normal; orphans: 2; text-indent: 0px; widows: 2; word-spacing: 0px; -webkit-text-stroke-width: 0px; white-space: normal; text-decoration-thickness: initial; text-decoration-style: initial; text-decoration-color: initial;\">\n<p class=\"font_8 wixui-rich-text__text\" style=\"background: transparent; border: 0px; outline: 0px; padding: 0px; vertical-align: baseline; pointer-events: auto; font: 700 16px \/ 25.6px barlow-extralight, barlow, sans-serif; color: #ffffff; letter-spacing: 0em; margin-block: 0px; margin: 0px;\"><span class=\"color_15 wixui-rich-text__text\" style=\"background: transparent; border: 0px; margin: 0px; outline: 0px; padding: 0px; vertical-align: baseline; color: #ffffff; font-family: Aboreto; font-weight: normal;\">Asegurando una experiencia positiva para cada <\/span><\/p>\n<p class=\"font_8 wixui-rich-text__text\" style=\"background: transparent; border: 0px; outline: 0px; padding: 0px; vertical-align: baseline; pointer-events: auto; font: 700 16px \/ 25.6px barlow-extralight, barlow, sans-serif; color: #ffffff; letter-spacing: 0em; margin-block: 0px; margin: 0px;\"><span class=\"color_15 wixui-rich-text__text\" style=\"background: transparent; border: 0px; margin: 0px; outline: 0px; padding: 0px; vertical-align: baseline; color: #ffffff; font-family: Aboreto; font-weight: normal;\">cliente.<\/span><\/p>\n<\/div>\n<\/div><\/div>\n<\/div>\n\n<div class=\"et_pb_column_9 et_pb_column et_pb_column_1_2 et-last-child et_block_column et_pb_css_mix_blend_mode_passthrough\">\n<div class=\"et_pb_image_4 et_pb_image et_pb_module et_block_module\"><span class=\"et_pb_image_wrap\"><img loading=\"lazy\" decoding=\"async\" src=\"https:\/\/viveza.mx\/wp-content\/uploads\/2025\/12\/Ejecucion.webp\" width=\"650\" height=\"648\" srcset=\"https:\/\/viveza.mx\/wp-content\/uploads\/2025\/12\/Ejecucion.webp 650w, https:\/\/viveza.mx\/wp-content\/uploads\/2025\/12\/Ejecucion-480x479.webp 480w\" sizes=\"(min-width: 0px) and (max-width: 480px) 480px, (min-width: 481px) 650px, 100vw\" class=\"wp-image-90\" title=\"energy-2\" \/><\/span><\/div>\n\n<div class=\"et_pb_text_5 et_pb_text et_pb_bg_layout_light et_pb_module et_block_module preset--module--divi-text--f2655583-ea8a-45eb-9299-f4f1e65d22c4\"><div class=\"et_pb_text_inner\"><div id=\"comp-kyvg5ygg2\" class=\"Z_l5lU ku3DBC zQ9jDz qvSjx3 Vq6kJx comp-kyvg5ygg2 wixui-rich-text\" data-testid=\"richTextElement\" style=\"background: transparent; border: 0px; margin: 33px 0px 17px; outline: 0px; padding: 0px; vertical-align: baseline; pointer-events: none; text-size-adjust: 100%; direction: ltr; min-height: auto; min-width: auto; mix-blend-mode: normal; overflow-wrap: break-word; text-align: start; text-shadow: rgba(0, 0, 0, 0) 0px 0px 0px, rgba(0, 0, 0, 0) 0px 0px 0px; text-transform: none; position: relative; left: 22px; grid-area: 1 \/ 1 \/ 2 \/ 2; place-self: start; --backgroundcolor: 0,0,0; --alpha-backgroundcolor: 0; --blendmode: normal; --textshadow: 0px 0px transparent; --textoutline: 0px 0px transparent; width: 276px; height: auto; --text-direction: ltr; color: #000000; font-family: Arial, Helvetica, sans-serif; font-size: 10px; font-style: normal; font-variant-ligatures: normal; font-variant-caps: normal; font-weight: 400; letter-spacing: normal; orphans: 2; text-indent: 0px; widows: 2; word-spacing: 0px; -webkit-text-stroke-width: 0px; white-space: normal; text-decoration-thickness: initial; text-decoration-style: initial; text-decoration-color: initial;\">\n<h3 class=\"font_5 wixui-rich-text__text\" style=\"background: transparent; border: 0px; outline: 0px; padding: 0px; vertical-align: baseline; pointer-events: auto; font: 400 28px \/ 39.2px helvetica-w01-light, sans-serif; color: #ffffff; letter-spacing: 0em; margin-block: 0px; margin: 0px;\"><span style=\"font-family: Aboreto; font-weight: normal;\">EJECUCI\u00d3N<\/span><\/h3>\n<\/div>\n<div id=\"comp-kyvg5ygi\" class=\"Z_l5lU ku3DBC zQ9jDz qvSjx3 Vq6kJx comp-kyvg5ygi wixui-rich-text\" data-testid=\"richTextElement\" style=\"background: transparent; border: 0px; margin: 0px 0px 35px; outline: 0px; padding: 0px; vertical-align: baseline; pointer-events: none; text-size-adjust: 100%; direction: ltr; min-height: auto; min-width: auto; mix-blend-mode: normal; overflow-wrap: break-word; text-align: start; text-shadow: rgba(0, 0, 0, 0) 0px 0px 0px, rgba(0, 0, 0, 0) 0px 0px 0px; text-transform: none; position: relative; left: 22px; grid-area: 2 \/ 1 \/ 3 \/ 2; place-self: start; --backgroundcolor: 0,0,0; --alpha-backgroundcolor: 0; --blendmode: normal; --textshadow: 0px 0px transparent; --textoutline: 0px 0px transparent; width: 242px; height: auto; --text-direction: ltr; color: #000000; font-family: Arial, Helvetica, sans-serif; font-size: 10px; font-style: normal; font-variant-ligatures: normal; font-variant-caps: normal; font-weight: 400; letter-spacing: normal; orphans: 2; text-indent: 0px; widows: 2; word-spacing: 0px; -webkit-text-stroke-width: 0px; white-space: normal; text-decoration-thickness: initial; text-decoration-style: initial; text-decoration-color: initial;\">\n<p class=\"font_8 wixui-rich-text__text\" style=\"background: transparent; border: 0px; outline: 0px; padding: 0px; vertical-align: baseline; pointer-events: auto; font: 700 16px \/ 25.6px barlow-extralight, barlow, sans-serif; color: #ffffff; letter-spacing: 0em; margin-block: 0px; margin: 0px;\"><span class=\"color_15 wixui-rich-text__text\" style=\"background: transparent; border: 0px; margin: 0px; outline: 0px; padding: 0px; vertical-align: baseline; color: #ffffff; font-family: Aboreto; font-weight: normal;\">Aportando d\u00e9cadas de experiencia a cada proyecto.<\/span><\/p>\n<\/div>\n<\/div><\/div>\n<\/div>\n<\/div>\n<\/div>","protected":false},"excerpt":{"rendered":"","protected":false},"author":1,"featured_media":0,"parent":0,"menu_order":0,"comment_status":"closed","ping_status":"closed","template":"","meta":{"footnotes":""},"class_list":["post-18","page","type-page","status-publish","hentry"],"_links":{"self":[{"href":"https:\/\/viveza.mx\/inicio\/wp-json\/wp\/v2\/pages\/18","targetHints":{"allow":["GET"]}}],"collection":[{"href":"https:\/\/viveza.mx\/inicio\/wp-json\/wp\/v2\/pages"}],"about":[{"href":"https:\/\/viveza.mx\/inicio\/wp-json\/wp\/v2\/types\/page"}],"author":[{"embeddable":true,"href":"https:\/\/viveza.mx\/inicio\/wp-json\/wp\/v2\/users\/1"}],"replies":[{"embeddable":true,"href":"https:\/\/viveza.mx\/inicio\/wp-json\/wp\/v2\/comments?post=18"}],"version-history":[{"count":30,"href":"https:\/\/viveza.mx\/inicio\/wp-json\/wp\/v2\/pages\/18\/revisions"}],"predecessor-version":[{"id":303,"href":"https:\/\/viveza.mx\/inicio\/wp-json\/wp\/v2\/pages\/18\/revisions\/303"}],"wp:attachment":[{"href":"https:\/\/viveza.mx\/inicio\/wp-json\/wp\/v2\/media?parent=18"}],"curies":[{"name":"wp","href":"https:\/\/api.w.org\/{rel}","templated":true}]}}